{"id":28335,"date":"2020-08-16T17:32:23","date_gmt":"2020-08-16T15:32:23","guid":{"rendered":"https:\/\/happify.test\/start\/"},"modified":"2022-05-18T15:55:51","modified_gmt":"2022-05-18T13:55:51","slug":"start","status":"publish","type":"page","link":"https:\/\/happify.reaktlive.com\/en\/","title":{"rendered":"Start"},"content":{"rendered":"","protected":false},"excerpt":{"rendered":"","protected":false},"author":7,"featured_media":0,"parent":0,"menu_order":5,"comment_status":"closed","ping_status":"closed","template":"","meta":[],"yoast_head":"<!-- This site is optimized with the Yoast SEO plugin v18.4.1 - https:\/\/yoast.com\/wordpress\/plugins\/seo\/ -->\n<title>Happify &ndash; Livestreaming multi-cam upplevelse<\/title>\n<meta name=\"description\" content=\"Multi Cam, 4K pro level Video och Audio events f\u00f6r maximalt upplevt v\u00e4rde d\u00e4r kreat\u00f6rer m\u00f6ter konsument 100% live.\" \/>\n<meta name=\"robots\" content=\"noindex, follow, max-snippet:-1, max-image-preview:large, max-video-preview:-1\" \/>\n<meta property=\"og:locale\" content=\"en_US\" \/>\n<meta property=\"og:type\" content=\"article\" \/>\n<meta property=\"og:title\" content=\"Happify &ndash; Livestreaming multi-cam upplevelse\" \/>\n<meta property=\"og:description\" content=\"Multi Cam, 4K pro level Video och Audio events f\u00f6r maximalt upplevt v\u00e4rde d\u00e4r kreat\u00f6rer m\u00f6ter konsument 100% live.\" \/>\n<meta property=\"og:url\" content=\"https:\/\/happify.reaktlive.com\/en\/\" \/>\n<meta property=\"og:site_name\" content=\"Happify\" \/>\n<meta property=\"article:modified_time\" content=\"2022-05-18T13:55:51+00:00\" \/>\n<meta name=\"twitter:card\" content=\"summary_large_image\" \/>\n<script type=\"application\/ld+json\" class=\"yoast-schema-graph\">{\"@context\":\"https:\/\/schema.org\",\"@graph\":[{\"@type\":\"Organization\",\"@id\":\"https:\/\/happify.reaktlive.com\/#organization\",\"name\":\"Reakt Live\",\"url\":\"https:\/\/happify.reaktlive.com\/\",\"sameAs\":[],\"logo\":{\"@type\":\"ImageObject\",\"@id\":\"https:\/\/happify.reaktlive.com\/#logo\",\"inLanguage\":\"en-US\",\"url\":\"https:\/\/reaktlive.com\/app\/uploads\/reakt-live-logo.png\",\"contentUrl\":\"https:\/\/reaktlive.com\/app\/uploads\/reakt-live-logo.png\",\"width\":2130,\"height\":701,\"caption\":\"Reakt Live\"},\"image\":{\"@id\":\"https:\/\/happify.reaktlive.com\/#logo\"}},{\"@type\":\"WebSite\",\"@id\":\"https:\/\/happify.reaktlive.com\/#website\",\"url\":\"https:\/\/happify.reaktlive.com\/\",\"name\":\"Happify\",\"description\":\"Kommunikations- och Digitalbyr\u00e5\",\"publisher\":{\"@id\":\"https:\/\/happify.reaktlive.com\/#organization\"},\"potentialAction\":[{\"@type\":\"SearchAction\",\"target\":{\"@type\":\"EntryPoint\",\"urlTemplate\":\"https:\/\/happify.reaktlive.com\/?s={search_term_string}\"},\"query-input\":\"required name=search_term_string\"}],\"inLanguage\":\"en-US\"},{\"@type\":\"WebPage\",\"@id\":\"https:\/\/happify.reaktlive.com\/en\/#webpage\",\"url\":\"https:\/\/happify.reaktlive.com\/en\/\",\"name\":\"Happify &ndash; Livestreaming multi-cam upplevelse\",\"isPartOf\":{\"@id\":\"https:\/\/happify.reaktlive.com\/#website\"},\"datePublished\":\"2020-08-16T15:32:23+00:00\",\"dateModified\":\"2022-05-18T13:55:51+00:00\",\"description\":\"Multi Cam, 4K pro level Video och Audio events f\u00f6r maximalt upplevt v\u00e4rde d\u00e4r kreat\u00f6rer m\u00f6ter konsument 100% live.\",\"breadcrumb\":{\"@id\":\"https:\/\/happify.reaktlive.com\/en\/#breadcrumb\"},\"inLanguage\":\"en-US\",\"potentialAction\":[{\"@type\":\"ReadAction\",\"target\":[\"https:\/\/happify.reaktlive.com\/en\/\"]}]},{\"@type\":\"BreadcrumbList\",\"@id\":\"https:\/\/happify.reaktlive.com\/en\/#breadcrumb\",\"itemListElement\":[{\"@type\":\"ListItem\",\"position\":1,\"name\":\"Hem\",\"item\":\"https:\/\/happify.reaktlive.com\/en\/start\/\"},{\"@type\":\"ListItem\",\"position\":2,\"name\":\"Start\"}]}]}<\/script>\n<!-- \/ Yoast SEO plugin. -->","yoast_head_json":{"title":"Happify &ndash; Livestreaming multi-cam upplevelse","description":"Multi Cam, 4K pro level Video och Audio events f\u00f6r maximalt upplevt v\u00e4rde d\u00e4r kreat\u00f6rer m\u00f6ter konsument 100% live.","robots":{"index":"noindex","follow":"follow","max-snippet":"max-snippet:-1","max-image-preview":"max-image-preview:large","max-video-preview":"max-video-preview:-1"},"og_locale":"en_US","og_type":"article","og_title":"Happify &ndash; Livestreaming multi-cam upplevelse","og_description":"Multi Cam, 4K pro level Video och Audio events f\u00f6r maximalt upplevt v\u00e4rde d\u00e4r kreat\u00f6rer m\u00f6ter konsument 100% live.","og_url":"https:\/\/happify.reaktlive.com\/en\/","og_site_name":"Happify","article_modified_time":"2022-05-18T13:55:51+00:00","twitter_card":"summary_large_image","schema":{"@context":"https:\/\/schema.org","@graph":[{"@type":"Organization","@id":"https:\/\/happify.reaktlive.com\/#organization","name":"Reakt Live","url":"https:\/\/happify.reaktlive.com\/","sameAs":[],"logo":{"@type":"ImageObject","@id":"https:\/\/happify.reaktlive.com\/#logo","inLanguage":"en-US","url":"https:\/\/reaktlive.com\/app\/uploads\/reakt-live-logo.png","contentUrl":"https:\/\/reaktlive.com\/app\/uploads\/reakt-live-logo.png","width":2130,"height":701,"caption":"Reakt Live"},"image":{"@id":"https:\/\/happify.reaktlive.com\/#logo"}},{"@type":"WebSite","@id":"https:\/\/happify.reaktlive.com\/#website","url":"https:\/\/happify.reaktlive.com\/","name":"Happify","description":"Kommunikations- och Digitalbyr\u00e5","publisher":{"@id":"https:\/\/happify.reaktlive.com\/#organization"},"potentialAction":[{"@type":"SearchAction","target":{"@type":"EntryPoint","urlTemplate":"https:\/\/happify.reaktlive.com\/?s={search_term_string}"},"query-input":"required name=search_term_string"}],"inLanguage":"en-US"},{"@type":"WebPage","@id":"https:\/\/happify.reaktlive.com\/en\/#webpage","url":"https:\/\/happify.reaktlive.com\/en\/","name":"Happify &ndash; Livestreaming multi-cam upplevelse","isPartOf":{"@id":"https:\/\/happify.reaktlive.com\/#website"},"datePublished":"2020-08-16T15:32:23+00:00","dateModified":"2022-05-18T13:55:51+00:00","description":"Multi Cam, 4K pro level Video och Audio events f\u00f6r maximalt upplevt v\u00e4rde d\u00e4r kreat\u00f6rer m\u00f6ter konsument 100% live.","breadcrumb":{"@id":"https:\/\/happify.reaktlive.com\/en\/#breadcrumb"},"inLanguage":"en-US","potentialAction":[{"@type":"ReadAction","target":["https:\/\/happify.reaktlive.com\/en\/"]}]},{"@type":"BreadcrumbList","@id":"https:\/\/happify.reaktlive.com\/en\/#breadcrumb","itemListElement":[{"@type":"ListItem","position":1,"name":"Hem","item":"https:\/\/happify.reaktlive.com\/en\/start\/"},{"@type":"ListItem","position":2,"name":"Start"}]}]}},"_links":{"self":[{"href":"https:\/\/happify.reaktlive.com\/en\/wp-json\/wp\/v2\/pages\/28335"}],"collection":[{"href":"https:\/\/happify.reaktlive.com\/en\/wp-json\/wp\/v2\/pages"}],"about":[{"href":"https:\/\/happify.reaktlive.com\/en\/wp-json\/wp\/v2\/types\/page"}],"author":[{"embeddable":true,"href":"https:\/\/happify.reaktlive.com\/en\/wp-json\/wp\/v2\/users\/7"}],"replies":[{"embeddable":true,"href":"https:\/\/happify.reaktlive.com\/en\/wp-json\/wp\/v2\/comments?post=28335"}],"version-history":[{"count":1,"href":"https:\/\/happify.reaktlive.com\/en\/wp-json\/wp\/v2\/pages\/28335\/revisions"}],"predecessor-version":[{"id":28336,"href":"https:\/\/happify.reaktlive.com\/en\/wp-json\/wp\/v2\/pages\/28335\/revisions\/28336"}],"wp:attachment":[{"href":"https:\/\/happify.reaktlive.com\/en\/wp-json\/wp\/v2\/media?parent=28335"}],"curies":[{"name":"wp","href":"https:\/\/api.w.org\/{rel}","templated":true}]}}